{"id":49,"date":"2015-09-05T12:23:15","date_gmt":"2015-09-05T10:23:15","guid":{"rendered":"http:\/\/www.haus18.de\/home\/?page_id=49"},"modified":"2020-06-19T16:02:53","modified_gmt":"2020-06-19T14:02:53","slug":"impressum","status":"publish","type":"page","link":"http:\/\/www.haus18.de\/home\/haus-18\/impressum\/","title":{"rendered":"Impressum"},"content":{"rendered":"<div id=\"Layer16\">\n<p>Verantwortliche gem\u00e4\u00df \u00a7 6 MDStV:<br \/>\nRalf Bittner und Heike Schumacher StNr: 87120\/44000<\/p>\n<p>Das Copyright f\u00fcr alle Abbildungen und Texte liegt bei Ralf Bittner.<br \/>\nEine Vervielf\u00e4ltigung oder Verwendung ist ohne ausdr\u00fcckliche Zustimmung<br \/>\ndes Autors nicht gestattet.<br \/>\nAnschrift: Ralf Bittner, Hohenfelsstr. 18, 88662 \u00dcberlingen<\/p>\n<p>Inhaltlich Verantwortlicher gem\u00e4\u00df \u00a76 MDStV: Ralf Bittner<br \/>\nUID: DE167773830<\/p>\n<p>Gerichtsstand ist \u00dcberlingen<\/p>\n<p><strong>Haftung f\u00fcr Inhalte<\/strong><br \/>\nAls Diensteanbieter sind wir gem\u00e4\u00df \u00a7 7 Abs.1 TMG f\u00fcr eigene Inhalte auf diesen Seiten nach den allgemeinen Gesetzen verantwortlich. Nach \u00a7\u00a7 8 bis 10 TMG sind wir als Diensteanbieter jedoch nicht verpflichtet, \u00fcbermittelte oder gespeicherte fremde Informationen zu \u00fcberwachen oder nach Umst\u00e4nden zu forschen, die auf eine rechtswidrige T\u00e4tigkeit hinweisen. Verpflichtungen zur Entfernung oder Sperrung der Nutzung von Informationen nach den allgemeinen Gesetzen bleiben hiervon unber\u00fchrt. Eine diesbez\u00fcgliche Haftung ist jedoch erst ab dem Zeitpunkt der Kenntnis einer konkreten Rechtsverletzung m\u00f6glich. Bei Bekanntwerden von entsprechenden Rechtsverletzungen werden wir diese Inhalte umgehend entfernen.<\/p>\n<p><strong>Haftung f\u00fcr Links<\/strong><br \/>\nUnser Angebot enth\u00e4lt Links zu externen Webseiten Dritter, auf deren Inhalte wir keinen Einfluss haben. Deshalb k\u00f6nnen wir f\u00fcr diese fremden Inhalte auch keine Gew\u00e4hr \u00fcbernehmen. F\u00fcr die Inhalte der verlinkten Seiten ist stets der jeweilige Anbieter oder Betreiber der Seiten verantwortlich. Die verlinkten Seiten wurden zum Zeitpunkt der Verlinkung auf m\u00f6gliche Rechtsverst\u00f6\u00dfe \u00fcberpr\u00fcft. Rechtswidrige Inhalte waren zum Zeitpunkt der Verlinkung nicht erkennbar. Eine permanente inhaltliche Kontrolle der verlinkten Seiten ist jedoch ohne konkrete Anhaltspunkte einer Rechtsverletzung nicht zumutbar. Bei Bekanntwerden von Rechtsverletzungen werden wir derartige Links umgehend entfernen.<\/p>\n<p><strong>Urheberrecht<\/strong><br \/>\nDie durch die Seitenbetreiber erstellten Inhalte und Werke auf diesen Seiten unterliegen dem deutschen Urheberrecht. Die Vervielf\u00e4ltigung, Bearbeitung, Verbreitung und jede Art der Verwertung au\u00dferhalb der Grenzen des Urheberrechtes bed\u00fcrfen der schriftlichen Zustimmung des jeweiligen Autors bzw. Erstellers. Downloads und Kopien dieser Seite sind nur f\u00fcr den privaten, nicht kommerziellen Gebrauch gestattet. Soweit die Inhalte auf dieser Seite nicht vom Betreiber erstellt wurden, werden die Urheberrechte Dritter beachtet. Insbesondere werden Inhalte Dritter als solche gekennzeichnet. Sollten Sie trotzdem auf eine Urheberrechtsverletzung aufmerksam werden, bitten wir um einen entsprechenden Hinweis. Bei Bekanntwerden von Rechtsverletzungen werden wir derartige Inhalte umgehend entfernen.<\/p>\n<p><strong>DSGVO<\/strong><\/p>\n<p>Die Nutzung unserer Webseite ist ohne Angabe personenbezogener Daten m\u00f6glich. Soweit auf unseren Seiten personenbezogene Daten erhoben werden, erfolgt dies \u00fcber das Kontaktformular in welchem nur der Name und die E-Mail erfasst werden. Diese Daten werden ohne Ihre ausdr\u00fcckliche Zustimmung nicht an Dritte weitergegeben.<br \/>\nWir weisen darauf hin, dass die Daten\u00fcbertragung im Internet (z.B. bei der Kommunikation per E-Mail) Sicherheitsl\u00fccken aufweisen kann. Ein l\u00fcckenloser Schutz der Daten vor dem Zugriff durch Dritte ist nicht m\u00f6glich. Wir weisen deutlich auf Ihr <i><b>Widerspruchsrecht nach Art. 21 DSGVO<\/b> <\/i>hin. Sie haben ein Recht auf Auskunft \u00fcber personenbezogene gespeicherte Daten und das Recht auf Korrektur oder L\u00f6schung. <b><i>Art.12 DSGVO<\/i><\/b><br \/>\nDer Nutzung von im Rahmen der Impressumspflicht ver\u00f6ffentlichten Kontaktdaten durch Dritte zur \u00dcbersendung von nicht angeforderter Werbung und Informationsmaterialien wird hiermit ausdr\u00fccklich widersprochen.<\/p>\n<\/div>\n","protected":false},"excerpt":{"rendered":"<p>Verantwortliche gem\u00e4\u00df \u00a7 6 MDStV: Ralf Bittner und Heike Schumacher StNr: 87120\/44000 Das Copyright f\u00fcr alle Abbildungen und Texte liegt bei Ralf Bittner. Eine Vervielf\u00e4ltigung oder Verwendung ist ohne ausdr\u00fcckliche Zustimmung des Autors nicht gestattet. Anschrift: Ralf Bittner, Hohenfelsstr. 18, 88662 \u00dcberlingen Inhaltlich Verantwortlicher gem\u00e4\u00df \u00a76 MDStV: Ralf Bittner UID:<\/p>\n","protected":false},"author":1,"featured_media":0,"parent":19,"menu_order":30,"comment_status":"closed","ping_status":"closed","template":"template-fullwidth.php","meta":{"ngg_post_thumbnail":0,"footnotes":""},"class_list":["post-49","page","type-page","status-publish","hentry"],"_links":{"self":[{"href":"http:\/\/www.haus18.de\/home\/wp-json\/wp\/v2\/pages\/49","targetHints":{"allow":["GET"]}}],"collection":[{"href":"http:\/\/www.haus18.de\/home\/wp-json\/wp\/v2\/pages"}],"about":[{"href":"http:\/\/www.haus18.de\/home\/wp-json\/wp\/v2\/types\/page"}],"author":[{"embeddable":true,"href":"http:\/\/www.haus18.de\/home\/wp-json\/wp\/v2\/users\/1"}],"replies":[{"embeddable":true,"href":"http:\/\/www.haus18.de\/home\/wp-json\/wp\/v2\/comments?post=49"}],"version-history":[{"count":4,"href":"http:\/\/www.haus18.de\/home\/wp-json\/wp\/v2\/pages\/49\/revisions"}],"predecessor-version":[{"id":289,"href":"http:\/\/www.haus18.de\/home\/wp-json\/wp\/v2\/pages\/49\/revisions\/289"}],"up":[{"embeddable":true,"href":"http:\/\/www.haus18.de\/home\/wp-json\/wp\/v2\/pages\/19"}],"wp:attachment":[{"href":"http:\/\/www.haus18.de\/home\/wp-json\/wp\/v2\/media?parent=49"}],"curies":[{"name":"wp","href":"https:\/\/api.w.org\/{rel}","templated":true}]}}