{"id":39,"date":"2015-09-05T11:38:28","date_gmt":"2015-09-05T09:38:28","guid":{"rendered":"http:\/\/www.haus18.de\/home\/?page_id=39"},"modified":"2025-08-14T09:13:49","modified_gmt":"2025-08-14T07:13:49","slug":"studiowohnung","status":"publish","type":"page","link":"http:\/\/www.haus18.de\/home\/studiowohnung\/","title":{"rendered":"Studiowohnung"},"content":{"rendered":"<div id=\"attachment_40\" style=\"width: 310px\" class=\"wp-caption alignleft\"><a href=\"http:\/\/www.haus18.de\/wp-content\/uploads\/2015\/09\/BILD0267.jpg\"><img loading=\"lazy\" decoding=\"async\" aria-describedby=\"caption-attachment-40\" class=\"size-medium wp-image-40\" src=\"http:\/\/www.haus18.de\/wp-content\/uploads\/2015\/09\/BILD0267-300x225.jpg\" alt=\"Studiowohnung\" width=\"300\" height=\"225\" srcset=\"http:\/\/www.haus18.de\/wp-content\/uploads\/2015\/09\/BILD0267-300x225.jpg 300w, http:\/\/www.haus18.de\/wp-content\/uploads\/2015\/09\/BILD0267.jpg 850w\" sizes=\"auto, (max-width: 300px) 100vw, 300px\" \/><\/a><p id=\"caption-attachment-40\" class=\"wp-caption-text\">Studiowohnung<\/p><\/div>\n<div id=\"attachment_215\" style=\"width: 310px\" class=\"wp-caption alignright\"><a href=\"http:\/\/www.haus18.de\/wp-content\/uploads\/2016\/12\/DSC_0019.jpg\"><img loading=\"lazy\" decoding=\"async\" aria-describedby=\"caption-attachment-215\" class=\"wp-image-215 size-medium\" src=\"http:\/\/www.haus18.de\/wp-content\/uploads\/2016\/12\/DSC_0019-300x169.jpg\" alt=\"Ausziehcouch\" width=\"300\" height=\"169\" srcset=\"http:\/\/www.haus18.de\/wp-content\/uploads\/2016\/12\/DSC_0019-300x169.jpg 300w, http:\/\/www.haus18.de\/wp-content\/uploads\/2016\/12\/DSC_0019-768x432.jpg 768w, http:\/\/www.haus18.de\/wp-content\/uploads\/2016\/12\/DSC_0019-1024x576.jpg 1024w\" sizes=\"auto, (max-width: 300px) 100vw, 300px\" \/><\/a><p id=\"caption-attachment-215\" class=\"wp-caption-text\">Ausziehcouch<\/p><\/div>\n<p>Eine einfach urgem\u00fctliche Studiowohnung ist diese 28qm feine Wohnung im Obergeschoss des Hauses. Das Doppelbett ist hier leicht in die Schrankwand versenkbar, so dass ein luftiges Appartement mit einem grossen, \u00fcberdachten Westbalkon entsteht. Bei Bedarf ist die Couch zu einem dritten Schlafplatz erweiterbar- bedenken Sie hierbei aber die Gr\u00f6sse der Wohnung.<\/p>\n<p>Ideal f\u00fcr Paare, die Zeit f\u00fcr sich haben wollen, oder als Ausgangspunkt f\u00fcr sportliche oder kulturelle Aktivit\u00e4ten.<\/p>\n<div id=\"attachment_44\" style=\"width: 310px\" class=\"wp-caption alignright\"><a href=\"http:\/\/www.haus18.de\/wp-content\/uploads\/2015\/09\/BILD0263.jpg\"><img loading=\"lazy\" decoding=\"async\" aria-describedby=\"caption-attachment-44\" class=\"wp-image-44 size-medium\" src=\"http:\/\/www.haus18.de\/wp-content\/uploads\/2015\/09\/BILD0263-300x225.jpg\" alt=\"Studiowohnung\" width=\"300\" height=\"225\" srcset=\"http:\/\/www.haus18.de\/wp-content\/uploads\/2015\/09\/BILD0263-300x225.jpg 300w, http:\/\/www.haus18.de\/wp-content\/uploads\/2015\/09\/BILD0263.jpg 850w\" sizes=\"auto, (max-width: 300px) 100vw, 300px\" \/><\/a><p id=\"caption-attachment-44\" class=\"wp-caption-text\">K\u00fcchenzeile und T\u00fcr zum Bad<\/p><\/div>\n<p>Selbstverst\u00e4ndlich liegen Bettw\u00e4sche und Handt\u00fccher f\u00fcr Sie bereit. In der K\u00fcche finden Sie Herd mit Ceranfeld, Backofen, Toaster und Kaffeautomat.<\/p>\n<p>Es gibt digitales SatTv und einen kostenfreien Parkplatz am Haus.<\/p>\n<p>Bitte beachten Sie, dass das Bad in dieser Wohnung verh\u00e4ltnism\u00e4\u00dfig klein ist und nur \u00fcber eine Duschgelgenheit verf\u00fcgt. Es ist daher nicht f\u00fcr k\u00f6rperlich eingeschr\u00e4nkte oder sehr korpulente Personen geeignet.<\/p>\n<h5><strong>Preise<\/strong> bei einer Belegung mit <strong>zwei<\/strong> Personen:<\/h5>\n<p>Hauptsaison (1.4. &#8211; 30.9.)<br \/>\n5-7 Tage : 65.-\u20ac\/Tag<br \/>\nab Tag 8: 60.-\u20ac\/Tag<br \/>\nf\u00fcr jede weitere Person 8.-\u20ac\/Tag mehr<\/p>\n<p>Nebensaison (1.10. &#8211; 31.3.)<br \/>\n8.-\u20ac\/Tag weniger<\/p>\n<p><a href=\"http:\/\/www.haus18.de\/wp-content\/uploads\/2015\/09\/Balkon.jpg\"><img loading=\"lazy\" decoding=\"async\" class=\"alignleft size-medium wp-image-46\" src=\"http:\/\/www.haus18.de\/wp-content\/uploads\/2015\/09\/Balkon-169x300.jpg\" alt=\"Balkon\" width=\"169\" height=\"300\" srcset=\"http:\/\/www.haus18.de\/wp-content\/uploads\/2015\/09\/Balkon-169x300.jpg 169w, http:\/\/www.haus18.de\/wp-content\/uploads\/2015\/09\/Balkon.jpg 319w\" sizes=\"auto, (max-width: 169px) 100vw, 169px\" \/><\/a><\/p>\n","protected":false},"excerpt":{"rendered":"<p>Eine einfach urgem\u00fctliche Studiowohnung ist diese 28qm feine Wohnung im Obergeschoss des Hauses. Das Doppelbett ist hier leicht in die Schrankwand versenkbar, so dass ein luftiges Appartement mit einem grossen, \u00fcberdachten Westbalkon entsteht. Bei Bedarf ist die Couch zu einem dritten Schlafplatz erweiterbar- bedenken Sie hierbei aber die Gr\u00f6sse der<\/p>\n","protected":false},"author":1,"featured_media":0,"parent":0,"menu_order":20,"comment_status":"closed","ping_status":"closed","template":"","meta":{"ngg_post_thumbnail":0,"footnotes":""},"class_list":["post-39","page","type-page","status-publish","hentry"],"_links":{"self":[{"href":"http:\/\/www.haus18.de\/home\/wp-json\/wp\/v2\/pages\/39","targetHints":{"allow":["GET"]}}],"collection":[{"href":"http:\/\/www.haus18.de\/home\/wp-json\/wp\/v2\/pages"}],"about":[{"href":"http:\/\/www.haus18.de\/home\/wp-json\/wp\/v2\/types\/page"}],"author":[{"embeddable":true,"href":"http:\/\/www.haus18.de\/home\/wp-json\/wp\/v2\/users\/1"}],"replies":[{"embeddable":true,"href":"http:\/\/www.haus18.de\/home\/wp-json\/wp\/v2\/comments?post=39"}],"version-history":[{"count":13,"href":"http:\/\/www.haus18.de\/home\/wp-json\/wp\/v2\/pages\/39\/revisions"}],"predecessor-version":[{"id":334,"href":"http:\/\/www.haus18.de\/home\/wp-json\/wp\/v2\/pages\/39\/revisions\/334"}],"wp:attachment":[{"href":"http:\/\/www.haus18.de\/home\/wp-json\/wp\/v2\/media?parent=39"}],"curies":[{"name":"wp","href":"https:\/\/api.w.org\/{rel}","templated":true}]}}