{"id":31,"date":"2015-09-05T11:23:03","date_gmt":"2015-09-05T09:23:03","guid":{"rendered":"http:\/\/www.haus18.de\/home\/?page_id=31"},"modified":"2025-08-14T09:15:43","modified_gmt":"2025-08-14T07:15:43","slug":"familienwohnung","status":"publish","type":"page","link":"http:\/\/www.haus18.de\/home\/familienwohnung\/","title":{"rendered":"Familienwohnung"},"content":{"rendered":"<div id=\"attachment_233\" style=\"width: 310px\" class=\"wp-caption alignleft\"><a href=\"http:\/\/www.haus18.de\/wp-content\/uploads\/2017\/10\/Wohnzimmer.jpg\"><img loading=\"lazy\" decoding=\"async\" aria-describedby=\"caption-attachment-233\" class=\"size-medium wp-image-233\" src=\"http:\/\/www.haus18.de\/wp-content\/uploads\/2017\/10\/Wohnzimmer-300x197.jpg\" alt=\"\" width=\"300\" height=\"197\" srcset=\"http:\/\/www.haus18.de\/wp-content\/uploads\/2017\/10\/Wohnzimmer-300x197.jpg 300w, http:\/\/www.haus18.de\/wp-content\/uploads\/2017\/10\/Wohnzimmer-768x505.jpg 768w, http:\/\/www.haus18.de\/wp-content\/uploads\/2017\/10\/Wohnzimmer-1024x673.jpg 1024w\" sizes=\"auto, (max-width: 300px) 100vw, 300px\" \/><\/a><p id=\"caption-attachment-233\" class=\"wp-caption-text\">Wohnzimmer<\/p><\/div>\n<div id=\"attachment_234\" style=\"width: 310px\" class=\"wp-caption alignleft\"><a href=\"http:\/\/www.haus18.de\/wp-content\/uploads\/2017\/10\/wohnzimmer2.jpg\"><img loading=\"lazy\" decoding=\"async\" aria-describedby=\"caption-attachment-234\" class=\"size-medium wp-image-234\" src=\"http:\/\/www.haus18.de\/wp-content\/uploads\/2017\/10\/wohnzimmer2-300x240.jpg\" alt=\"Familienwohnung\" width=\"300\" height=\"240\" srcset=\"http:\/\/www.haus18.de\/wp-content\/uploads\/2017\/10\/wohnzimmer2-300x240.jpg 300w, http:\/\/www.haus18.de\/wp-content\/uploads\/2017\/10\/wohnzimmer2-768x616.jpg 768w, http:\/\/www.haus18.de\/wp-content\/uploads\/2017\/10\/wohnzimmer2-1024x821.jpg 1024w\" sizes=\"auto, (max-width: 300px) 100vw, 300px\" \/><\/a><p id=\"caption-attachment-234\" class=\"wp-caption-text\">Schlafcouch im Wohnzimmer<\/p><\/div>\n<p>&nbsp;<\/p>\n<p>&nbsp;<\/p>\n<p>&nbsp;<\/p>\n<p>Unsere gro\u00dfz\u00fcgige Familienwohnung verf\u00fcgt \u00fcber ein Schlafzimmer mit franz\u00f6sischen Bett, ein ger\u00e4umiges Wohnzimmer mit einer Schlafcouch, sowie eine Wohnk\u00fcche und Bad mit Dusche und Tageslicht im Obergeschoss des Hauses. Die Einrichtung ist sehr individuell und besteht \u00fcberwiegend aus Einzelst\u00fccken f\u00fcr Menschen, die das Besondere lieben. <a href=\"http:\/\/www.haus18.de\/wp-content\/uploads\/2017\/10\/DSC_0006.jpg\"><img loading=\"lazy\" decoding=\"async\" class=\"alignleft size-medium wp-image-235\" src=\"http:\/\/www.haus18.de\/wp-content\/uploads\/2017\/10\/DSC_0006-300x185.jpg\" alt=\"\" width=\"300\" height=\"185\" srcset=\"http:\/\/www.haus18.de\/wp-content\/uploads\/2017\/10\/DSC_0006-300x185.jpg 300w, http:\/\/www.haus18.de\/wp-content\/uploads\/2017\/10\/DSC_0006-768x474.jpg 768w, http:\/\/www.haus18.de\/wp-content\/uploads\/2017\/10\/DSC_0006-1024x632.jpg 1024w\" sizes=\"auto, (max-width: 300px) 100vw, 300px\" \/><\/a><\/p>\n<p>Erg\u00e4nzend l\u00e4sst sich die Couch im Wohnzimmer zu einem weiteren Schlafplatz ausziehen.<br \/>\nSelbstverst\u00e4ndlich liegen Bettw\u00e4sche und Handt\u00fccher f\u00fcr Sie bereit. In der grossen Wohnk\u00fcche finden Sie neben viel Platz einen Herd mit Ceranfeld, Backofen, Mikrowelle, Toaster und Kaffeautomat.<br \/>\nEs gibt digitales SatTV und einen kostenfreien Parkplatz am Haus. Leider keinen Balkon.<\/p>\n<div id=\"attachment_221\" style=\"width: 460px\" class=\"wp-caption alignleft\"><a href=\"http:\/\/www.haus18.de\/wp-content\/uploads\/2015\/09\/DSC_0038-2.jpg\"><img loading=\"lazy\" decoding=\"async\" aria-describedby=\"caption-attachment-221\" class=\"wp-image-221\" src=\"http:\/\/www.haus18.de\/wp-content\/uploads\/2015\/09\/DSC_0038-2-1024x576.jpg\" alt=\"Schlafzimmer Haus 18\" width=\"450\" height=\"253\" srcset=\"http:\/\/www.haus18.de\/wp-content\/uploads\/2015\/09\/DSC_0038-2-1024x576.jpg 1024w, http:\/\/www.haus18.de\/wp-content\/uploads\/2015\/09\/DSC_0038-2-300x169.jpg 300w, http:\/\/www.haus18.de\/wp-content\/uploads\/2015\/09\/DSC_0038-2-768x432.jpg 768w\" sizes=\"auto, (max-width: 450px) 100vw, 450px\" \/><\/a><p id=\"caption-attachment-221\" class=\"wp-caption-text\">Schlafzimmer<\/p><\/div>\n<div id=\"attachment_243\" style=\"width: 310px\" class=\"wp-caption alignleft\"><a href=\"http:\/\/www.haus18.de\/wp-content\/uploads\/2018\/03\/DSC_0033.jpg\"><img loading=\"lazy\" decoding=\"async\" aria-describedby=\"caption-attachment-243\" class=\"size-medium wp-image-243\" src=\"http:\/\/www.haus18.de\/wp-content\/uploads\/2018\/03\/DSC_0033-300x169.jpg\" alt=\"\" width=\"300\" height=\"169\" srcset=\"http:\/\/www.haus18.de\/wp-content\/uploads\/2018\/03\/DSC_0033-300x169.jpg 300w, http:\/\/www.haus18.de\/wp-content\/uploads\/2018\/03\/DSC_0033-768x432.jpg 768w, http:\/\/www.haus18.de\/wp-content\/uploads\/2018\/03\/DSC_0033-1024x576.jpg 1024w\" sizes=\"auto, (max-width: 300px) 100vw, 300px\" \/><\/a><p id=\"caption-attachment-243\" class=\"wp-caption-text\">Wohnk\u00fcche<\/p><\/div>\n<div id=\"attachment_242\" style=\"width: 310px\" class=\"wp-caption alignleft\"><a href=\"http:\/\/www.haus18.de\/wp-content\/uploads\/2018\/03\/DSC_0032.jpg\"><img loading=\"lazy\" decoding=\"async\" aria-describedby=\"caption-attachment-242\" class=\"size-medium wp-image-242\" src=\"http:\/\/www.haus18.de\/wp-content\/uploads\/2018\/03\/DSC_0032-300x169.jpg\" alt=\"\" width=\"300\" height=\"169\" srcset=\"http:\/\/www.haus18.de\/wp-content\/uploads\/2018\/03\/DSC_0032-300x169.jpg 300w, http:\/\/www.haus18.de\/wp-content\/uploads\/2018\/03\/DSC_0032-768x432.jpg 768w, http:\/\/www.haus18.de\/wp-content\/uploads\/2018\/03\/DSC_0032-1024x576.jpg 1024w\" sizes=\"auto, (max-width: 300px) 100vw, 300px\" \/><\/a><p id=\"caption-attachment-242\" class=\"wp-caption-text\">Essplatz<\/p><\/div>\n<p>&nbsp;<\/p>\n<table style=\"width: 440px;\">\n<tbody>\n<tr>\n<td style=\"width: 141px;\">\n<h6>Preise bei einer Belegung mit zwei Personen:<\/h6>\n<\/td>\n<\/tr>\n<tr>\n<td style=\"width: 141px;\">Hauptsaison (1.4. &#8211; 30.9.)&nbsp;&nbsp;&nbsp;&nbsp;&nbsp;7-14 Tage: 70.-\u20ac\/Tag<br \/>\nab dem 15. Tag: 60.-\u20ac\/Tag<\/td>\n<\/tr>\n<tr>\n<td style=\"width: 141px;\">Nebensaison (1.10.- 31.3.)&nbsp;&nbsp;&nbsp;&nbsp;&nbsp;7-14 Tage: 60.-\u20ac\/Tag<br \/>\nab dem 15. Tag: 50.-\u20ac\/Tag<\/td>\n<\/tr>\n<tr>\n<td style=\"width: 141px;\">f\u00fcr jede weitere Person 7.-\u20ac\/Tag mehr<\/td>\n<\/tr>\n<\/tbody>\n<\/table>\n<div id=\"attachment_240\" style=\"width: 192px\" class=\"wp-caption alignleft\"><a href=\"http:\/\/www.haus18.de\/wp-content\/uploads\/2018\/03\/Bad.jpg\"><img loading=\"lazy\" decoding=\"async\" aria-describedby=\"caption-attachment-240\" class=\"size-medium wp-image-240\" src=\"http:\/\/www.haus18.de\/wp-content\/uploads\/2018\/03\/Bad-182x300.jpg\" alt=\"\" width=\"182\" height=\"300\" srcset=\"http:\/\/www.haus18.de\/wp-content\/uploads\/2018\/03\/Bad-182x300.jpg 182w, http:\/\/www.haus18.de\/wp-content\/uploads\/2018\/03\/Bad-768x1267.jpg 768w, http:\/\/www.haus18.de\/wp-content\/uploads\/2018\/03\/Bad-621x1024.jpg 621w, http:\/\/www.haus18.de\/wp-content\/uploads\/2018\/03\/Bad.jpg 1890w\" sizes=\"auto, (max-width: 182px) 100vw, 182px\" \/><\/a><p id=\"caption-attachment-240\" class=\"wp-caption-text\">Bad mit Tageslicht<\/p><\/div>\n<table>\n<tbody>\n<tr>\n<td>&nbsp;<\/td>\n<td>&nbsp;<\/td>\n<\/tr>\n<tr>\n<td>&nbsp;<\/td>\n<td>&nbsp;<\/td>\n<\/tr>\n<tr>\n<td>&nbsp;<\/td>\n<td>&nbsp;<\/td>\n<\/tr>\n<\/tbody>\n<\/table>\n","protected":false},"excerpt":{"rendered":"<p>&nbsp; &nbsp; &nbsp; Unsere gro\u00dfz\u00fcgige Familienwohnung verf\u00fcgt \u00fcber ein Schlafzimmer mit franz\u00f6sischen Bett, ein ger\u00e4umiges Wohnzimmer mit einer Schlafcouch, sowie eine Wohnk\u00fcche und Bad mit Dusche und Tageslicht im Obergeschoss des Hauses. Die Einrichtung ist sehr individuell und besteht \u00fcberwiegend aus Einzelst\u00fccken f\u00fcr Menschen, die das Besondere lieben. Erg\u00e4nzend l\u00e4sst<\/p>\n","protected":false},"author":1,"featured_media":0,"parent":0,"menu_order":10,"comment_status":"closed","ping_status":"closed","template":"","meta":{"ngg_post_thumbnail":0,"footnotes":""},"class_list":["post-31","page","type-page","status-publish","hentry"],"_links":{"self":[{"href":"http:\/\/www.haus18.de\/home\/wp-json\/wp\/v2\/pages\/31","targetHints":{"allow":["GET"]}}],"collection":[{"href":"http:\/\/www.haus18.de\/home\/wp-json\/wp\/v2\/pages"}],"about":[{"href":"http:\/\/www.haus18.de\/home\/wp-json\/wp\/v2\/types\/page"}],"author":[{"embeddable":true,"href":"http:\/\/www.haus18.de\/home\/wp-json\/wp\/v2\/users\/1"}],"replies":[{"embeddable":true,"href":"http:\/\/www.haus18.de\/home\/wp-json\/wp\/v2\/comments?post=31"}],"version-history":[{"count":33,"href":"http:\/\/www.haus18.de\/home\/wp-json\/wp\/v2\/pages\/31\/revisions"}],"predecessor-version":[{"id":335,"href":"http:\/\/www.haus18.de\/home\/wp-json\/wp\/v2\/pages\/31\/revisions\/335"}],"wp:attachment":[{"href":"http:\/\/www.haus18.de\/home\/wp-json\/wp\/v2\/media?parent=31"}],"curies":[{"name":"wp","href":"https:\/\/api.w.org\/{rel}","templated":true}]}}